{"id":50,"date":"2017-11-27T13:04:20","date_gmt":"2017-11-27T11:04:20","guid":{"rendered":"https:\/\/pcvalcea.ro\/cariera2\/?page_id=50"},"modified":"2017-11-27T13:09:47","modified_gmt":"2017-11-27T11:09:47","slug":"zilele-carierei-uaic-2017","status":"publish","type":"page","link":"https:\/\/stai.descult.com\/fr\/","title":{"rendered":"Zilele Carierei UAIC 2017"},"content":{"rendered":"<p><strong><img loading=\"lazy\" decoding=\"async\" class=\"alignleft \" src=\"http:\/\/360.uaic.ro\/wp-content\/uploads\/2017\/11\/afis-Zilele-Carierei-la-UAIC-nov-2017-alb.jpg\" width=\"246\" height=\"348\" \/><\/strong><\/p>\n<p>&nbsp;<\/p>\n<p><strong>Departamentul Servicii pentru Studen\u021bi \u0219i Absolven\u021bi din cadrul Universit\u0103\u021bii \u201eAlexandru Ioan Cuza\u201d din Ia\u0219i<\/strong>\u00a0(DSSA din UAIC),\u00a0deruleaz\u0103 \u00een perioada\u00a0<strong>13-17 Noiembrie 2017,<\/strong>\u00a0evenimentul \u201e<strong>ZILELE CARIEREI UAIC\u201d\u00a0<\/strong>(a III-a edi\u021bie).<\/p>\n<p>Te vei putea bucura de o s\u0103pt\u0103m\u00e2n\u0103 dedicat\u0103 carierei tale \u0219i posibilit\u0103\u021bilor pe care le ai pe pia\u021ba muncii. Vei afla de la noi informa\u021bii utile despre cum s\u0103 te dezvol\u021bi ca s\u0103 \u00ee\u021bi m\u0103re\u0219ti \u0219ansele de angajare \u0219i despre posibilit\u0103\u021bile care exist\u0103 acum pe pia\u021ba muncii: informa\u021bii utile, tips &amp; tricks, alternative \u0219i nu numai!<\/p>\n<p><strong>Obiectivele evenimentului:<\/strong><\/p>\n<ul>\n<li>Ne dorim s\u0103\u00a0te punem \u00een contact cu posibilii angajatori<\/li>\n<li>Vrem s\u0103\u00a0te inform\u0103m despre oportunit\u0103\u021bile de pe pia\u021ba muncii<\/li>\n<li>\u00ce\u021bi\u00a0dezvolt\u0103m o serie de abilit\u0103\u021bi necesare pe pia\u021ba muncii<\/li>\n<li>\u00ce\u021bi aducem \u00een prim-plan informa\u021bii despre posibilit\u0103\u021bile\u00a0pe care le ai\u00a0\u00eenainte \u0219i dup\u0103 absolvire cu privire la cariera ta.<\/li>\n<\/ul>\n<p><strong>Tematic\u0103 pe zile a evenimentului*:<\/strong><\/p>\n<ul>\n<li>13 Noiembrie \u2013 Ziua dezvolt\u0103rii personale<\/li>\n<\/ul>\n<p>\u2013 10.00 \u2013 12.00: <a href=\"https:\/\/cariera.uaic.ro\/2017\/11\/06\/atelier-laborator-de-imblanzit-emotii-importanta-inteligentei-emotionale-in-cariera-irina-subredu\/\" target=\"_blank\" rel=\"noopener\">Atelier: Laborator de \u00eembl\u00e2nzit emo\u021bii \u2013 Irina \u0218ubredu<\/a><br \/>\n\u2013\u00a011.00 \u2013 12.00:\u00a0<a href=\"https:\/\/cariera.uaic.ro\/2017\/11\/06\/atelier-invata-sa-spui-da-carmen-manea\/\" target=\"_blank\" rel=\"noopener\">Atelier: \u00cenva\u021b\u0103 s\u0103 spui DA \u2013 Carmen Manea<\/a><br \/>\n\u2013 13.00 \u2013 15.30:\u00a0<a href=\"https:\/\/cariera.uaic.ro\/2017\/11\/06\/atelier-identitate-si-identificare-diana-teodorescu\/\" target=\"_blank\" rel=\"noopener\">Atelier: Identitate \u0219i identificare \u2013 Diana Teodorescu<\/a><br \/>\n\u2013 19.00 \u2013 20.00:\u00a0<a href=\"https:\/\/cariera.uaic.ro\/2017\/11\/06\/panel-daca-nu-eu-atunci-cand-ionut-maxim\/\" target=\"_blank\" rel=\"noopener\">Panel: Dac\u0103 nu eu, atunci c\u00e2nd? \u2013 Ionu\u021b Maxim<\/a><\/p>\n<ul>\n<li>14 Noiembrie \u2013 Ziua dezvolt\u0103rii comportamentului organiza\u021bional (ziua voluntariatului)<\/li>\n<\/ul>\n<p>\u2013\u00a011.00 \u2013 13.00: <a href=\"https:\/\/cariera.uaic.ro\/2017\/11\/09\/workshop-voluntariatul-principii-si-provocari-andreea-istrate-si-andreea-muraru\/\" target=\"_blank\" rel=\"noopener\">Workshop: Voluntariatul \u2013 principii \u0219i provoc\u0103ri \u2013 Andreea Istrate \u0219i Andreea Muraru<\/a><br \/>\n\u2013 15.00 \u2013 17.00:\u00a0<a href=\"https:\/\/cariera.uaic.ro\/2017\/11\/06\/cafenea-a-fi-sau-a-nu-fi-voluntar-aceasta-i-intrebarea-irina-adriana-hazincop\/\" target=\"_blank\" rel=\"noopener\">Cafenea: A fi sau a nu fi voluntar, aceasta-i intrebarea \u2013 Irina Adriana Hazincop<\/a><br \/>\n\u2013 17.30 \u2013 19.30: <a href=\"https:\/\/cariera.uaic.ro\/2017\/11\/09\/training-10-pasi-pentru-un-public-speaking-de-succes-ionut-alexandru-luca\/\">Atelier<\/a><a href=\"https:\/\/cariera.uaic.ro\/2017\/11\/09\/training-10-pasi-pentru-un-public-speaking-de-succes-ionut-alexandru-luca\/\" target=\"_blank\" rel=\"noopener\">: 10 pa\u0219i pentru un public speaking de succes \u2013 Ionu\u021b Alexandru Luca<\/a><br \/>\n\u2013\u00a018.00 \u2013 19.00: <a href=\"https:\/\/cariera.uaic.ro\/2017\/11\/09\/atelier-de-lucru-voluntariatul-ingredientul-secret-in-dezvoltarea-carierei-marinela-marcu\/\" target=\"_blank\" rel=\"noopener\">Atelier: Voluntariatul \u2013 ingredientul secret \u00een dezvoltarea carierei \u2013 Marinela Marcu<\/a><\/p>\n<ul>\n<li>15 Noiembrie \u2013 Ziua angajatului<\/li>\n<\/ul>\n<p>\u2013 10.00 \u2013 11.30:\u00a0<a href=\"https:\/\/cariera.uaic.ro\/2017\/11\/09\/atelier-angajatul-si-invatarea-continua-maricica-cucireve\/\" target=\"_blank\" rel=\"noopener\">Atelier: Angajatul \u0219i \u00eenv\u0103\u021barea continu\u0103 \u2013 Maricica Cucireve<\/a><br \/>\n\u2013 18.00 \u2013 19.00:\u00a0<a href=\"https:\/\/cariera.uaic.ro\/2017\/11\/11\/atelier-implicare-pasiune-angajament-spirit-de-echipa-%e2%80%92-adevar-sau-provocare-in-cariera\/\" target=\"_blank\" rel=\"noopener\">Atelier:\u00a0<em>Implicare, pasiune, angajament, spirit de echip\u0103 \u2026 \u2012 adev\u0103r sau \u00a0<\/em><em>provocare \u00een carier\u0103? \u2013 Ionela Ene<\/em><\/a><br \/>\n\u2013 18.00 \u2013 19.30:\u00a0<a href=\"https:\/\/cariera.uaic.ro\/2017\/11\/09\/panel-ce-isi-doresc-angajatorii-de-la-candidatii-entry-level-de-la-teorie-la-practica-catalina-rusu\/\" target=\"_blank\" rel=\"noopener\">Panel: Ce \u00ee\u0219i doresc angajatorii de la candida\u021bii entry level? De la teorie la practic\u0103\u2026 \u2013 C\u0103t\u0103lina Rusu<\/a><br \/>\n\u2013\u00a018.00 \u2013 19.30:\u00a0<a href=\"https:\/\/cariera.uaic.ro\/2017\/11\/09\/panel-angajat-la-stat-sau-la-privat-sindromul-ce-sa-fac-mihaela-veronica-miron\/\" target=\"_blank\" rel=\"noopener\">Panel: Angajat \u201ela stat\u201d sau \u201ela privat\u201d. Sindromul \u201eCe sa fac?\u201d \u2013 Mihaela-Veronica Miron<\/a><\/p>\n<ul>\n<li>16 Noiembrie \u2013 Ziua liberului profesionist<\/li>\n<\/ul>\n<p>\u2013\u00a009.15 \u2013 12.15: <a href=\"https:\/\/cariera.uaic.ro\/2017\/11\/11\/atelier-liberul-profesionistul-intre-meserie-si-vocatie-si-proiect-cum-sa-ti-trasezi-propriul-drum-profesional\/\" target=\"_blank\" rel=\"noopener\">Sesiune interactiv\u0103: Liberul profesionistul \u00eentre meserie \u0219i voca\u021bie \u0219i proiect- cum s\u0103-\u021bi trasezi propriul drum profesional \u2013 Richard Daniel Simioniuc<\/a><br \/>\n\u2013\u00a010.00 \u2013 12.00:\u00a0<a href=\"https:\/\/cariera.uaic.ro\/2017\/11\/09\/panel-cum-ajungi-sa-ai-cariera-care-te-face-fericit-andreea-ignat\/\" target=\"_blank\" rel=\"noopener\">Panel: Cum ajungi s\u0103 ai cariera care te face fericit \u2013 Andreea Ignat<\/a><br \/>\n\u2013 11.00 \u2013 13.00:\u00a0<a href=\"https:\/\/cariera.uaic.ro\/2017\/11\/06\/atelier-antreprenoriatul-cu-sare-si-piper-bogdan-puiu\/\" target=\"_blank\" rel=\"noopener\">Atelier: Antreprenoriatul cu sare \u0219i piper \u2013 Bogdan Puiu<\/a><br \/>\n\u2013\u00a018.00 \u2013 19.00:\u00a0<a href=\"https:\/\/cariera.uaic.ro\/2017\/11\/06\/panel-reorientarea-profesionala-binevenita-ori-de-cate-ori-nu-suntem-confortabili-cu-actualul-job-gabriela-pascal\/\" target=\"_blank\" rel=\"noopener\">Panel: Reorientarea profesional\u0103- binevenit\u0103 ori de c\u00e2te ori nu suntem confortabili cu actualul job \u2013 Gabriela Pascal<\/a><\/p>\n<ul>\n<li>17 Noiembrie \u2013 Ziua antreprenorului<\/li>\n<\/ul>\n<p>\u2013 10.00 \u2013 11.00: <a href=\"https:\/\/cariera.uaic.ro\/2017\/11\/06\/panel-cum-a-dus-gandirea-negativa-la-primul-meu-faliment-bogdan-baianu\/\" target=\"_blank\" rel=\"noopener\">Panel: G\u00e2ndire pozitiv\u0103 vs g\u00e2ndire negativ\u0103 \u00een business \u2013 Bogdan Baianu<\/a><br \/>\n\u2013 12.00 \u2013 13.00: <a href=\"https:\/\/cariera.uaic.ro\/2017\/11\/11\/atelier-angajat-vs-antreprenor-cum-e-mai-bine-sa-iti-dezvolti-o-cariera-diana-mihalcea\/\" target=\"_blank\" rel=\"noopener\">Atelier: Angajat vs. antreprenor: Cum e mai bine s\u0103 \u00ee\u021bi dezvol\u021bi o carier\u0103? \u2013 Diana Mihalcea<\/a><\/p>\n<p><strong>\u00ceNSCRIE-TE LA ACTIVIT\u0102\u021aI,\u00a0acces\u00e2nd urm\u0103torul link \u0219i complet\u00e2nd formularul:\u00a0<a href=\"http:\/\/bit.ly\/ZileleCariereiUAIC2017\" target=\"_blank\" rel=\"noopener\">bit.ly\/ZileleCariereiUAIC2017<\/a><\/strong><\/p>\n<p>Nu uita s\u0103 dai Like, Love and Share \u0219i paginii noastre de facebook unde te a\u0219tept\u0103m cu nenum\u0103rate alte oportunit\u0103\u021bi de dezvoltare personal\u0103 \u0219i carier\u0103:\u00a0<a href=\"http:\/\/www.facebook.com\/DSSAdinUAIC\" target=\"_blank\" rel=\"noopener\">facebook.com\/DSSAdinUAIC<\/a><\/p>\n<p><em>*Informa\u021biile\u00a0vor fi actualizate \u00een zilele urm\u0103toare!<\/em><\/p>\n","protected":false},"excerpt":{"rendered":"<p>&nbsp; Departamentul Servicii pentru Studen\u021bi \u0219i Absolven\u021bi din cadrul Universit\u0103\u021bii \u201eAlexandru Ioan Cuza\u201d din Ia\u0219i\u00a0(DSSA din UAIC),\u00a0deruleaz\u0103 \u00een perioada\u00a013-17 Noiembrie 2017,\u00a0evenimentul \u201eZILELE CARIEREI UAIC\u201d\u00a0(a III-a edi\u021bie). Te vei putea bucura [&hellip;]<\/p>\n","protected":false},"author":6,"featured_media":0,"parent":0,"menu_order":0,"comment_status":"closed","ping_status":"closed","template":"","meta":{"footnotes":""},"class_list":["post-50","page","type-page","status-publish","hentry"],"translation":{"provider":"WPGlobus","version":"3.0.0","language":"fr","enabled_languages":["ro","en","fr"],"languages":{"ro":{"title":true,"content":true,"excerpt":false},"en":{"title":false,"content":false,"excerpt":false},"fr":{"title":false,"content":false,"excerpt":false}}},"_links":{"self":[{"href":"https:\/\/stai.descult.com\/fr\/wp-json\/wp\/v2\/pages\/50","targetHints":{"allow":["GET"]}}],"collection":[{"href":"https:\/\/stai.descult.com\/fr\/wp-json\/wp\/v2\/pages"}],"about":[{"href":"https:\/\/stai.descult.com\/fr\/wp-json\/wp\/v2\/types\/page"}],"author":[{"embeddable":true,"href":"https:\/\/stai.descult.com\/fr\/wp-json\/wp\/v2\/users\/6"}],"replies":[{"embeddable":true,"href":"https:\/\/stai.descult.com\/fr\/wp-json\/wp\/v2\/comments?post=50"}],"version-history":[{"count":6,"href":"https:\/\/stai.descult.com\/fr\/wp-json\/wp\/v2\/pages\/50\/revisions"}],"predecessor-version":[{"id":54,"href":"https:\/\/stai.descult.com\/fr\/wp-json\/wp\/v2\/pages\/50\/revisions\/54"}],"wp:attachment":[{"href":"https:\/\/stai.descult.com\/fr\/wp-json\/wp\/v2\/media?parent=50"}],"curies":[{"name":"wp","href":"https:\/\/api.w.org\/{rel}","templated":true}]}}